{"id":1239,"date":"2019-03-22T12:07:26","date_gmt":"2019-03-22T12:07:26","guid":{"rendered":"https:\/\/panaderia.mikado-themes.com\/?page_id=1239"},"modified":"2024-09-21T16:22:41","modified_gmt":"2024-09-21T16:22:41","slug":"a-propos","status":"publish","type":"page","link":"https:\/\/boulangerieazer.com\/en\/a-propos\/","title":{"rendered":"ABOUT US"},"content":{"rendered":"<div class=\"mkdf-row-grid-section-wrapper\"  ><div class=\"mkdf-row-grid-section\"><div class=\"vc_row wpb_row vc_row-fluid vc_custom_1560249528306\" ><div class=\"wpb_column vc_column_container vc_col-sm-12\"><div class=\"vc_column-inner\"><div class=\"wpb_wrapper\"><div class=\"mkdf-single-image-holder\">\n    <div class=\"mkdf-si-inner\" >\n                                    <img loading=\"lazy\" decoding=\"async\" width=\"2560\" height=\"1920\" src=\"https:\/\/boulangerieazer.com\/wp-content\/uploads\/2024\/09\/IMG_2033-1-scaled.jpg\" class=\"attachment-full size-full\" alt=\"\" srcset=\"https:\/\/boulangerieazer.com\/wp-content\/uploads\/2024\/09\/IMG_2033-1-scaled.jpg 2560w, https:\/\/boulangerieazer.com\/wp-content\/uploads\/2024\/09\/IMG_2033-1-300x225.jpg 300w, https:\/\/boulangerieazer.com\/wp-content\/uploads\/2024\/09\/IMG_2033-1-1024x768.jpg 1024w, https:\/\/boulangerieazer.com\/wp-content\/uploads\/2024\/09\/IMG_2033-1-768x576.jpg 768w, https:\/\/boulangerieazer.com\/wp-content\/uploads\/2024\/09\/IMG_2033-1-1536x1152.jpg 1536w, https:\/\/boulangerieazer.com\/wp-content\/uploads\/2024\/09\/IMG_2033-1-16x12.jpg 16w, https:\/\/boulangerieazer.com\/wp-content\/uploads\/2024\/09\/IMG_2033-1-1132x850.jpg 1132w, https:\/\/boulangerieazer.com\/wp-content\/uploads\/2024\/09\/IMG_2033-1-600x450.jpg 600w\" sizes=\"(max-width: 2560px) 100vw, 2560px\" \/>                        <\/div>\n<\/div><\/div><\/div><\/div><\/div><\/div><\/div><div class=\"mkdf-row-grid-section-wrapper\"  ><div class=\"mkdf-row-grid-section\"><div class=\"vc_row wpb_row vc_row-fluid vc_custom_1562158291557 vc_row-has-fill\" ><div class=\"wpb_column vc_column_container vc_col-sm-12\"><div class=\"vc_column-inner\"><div class=\"wpb_wrapper\"><div class=\"vc_row wpb_row vc_inner vc_row-fluid vc_custom_1560250538992\" ><div class=\"wpb_column vc_column_container vc_col-sm-12\"><div class=\"vc_column-inner\"><div class=\"wpb_wrapper\"><div class=\"mkdf-testimonials-holder clearfix mkdf-testimonials-standard\">\n    <div class=\"mkdf-testimonials mkdf-owl-slider\" data-number-of-items=\"1\" data-enable-loop=\"yes\" data-enable-autoplay=\"yes\" data-slider-speed=\"5000\" data-slider-speed-animation=\"600\" data-enable-navigation=\"no\" data-enable-pagination=\"yes\" >\n\n    \n            <div class=\"mkdf-testimonial-content mkdf-testimonials-2340\">\n                                    <div class=\"mkdf-testimonial-stars-holder\">\n                        <span class=\"mkdf-testimonial-star\"><i class=\"fas fa-star\"><\/i><\/span>\n                        <span class=\"mkdf-testimonial-star\"><i class=\"fas fa-star\"><\/i><\/span>\n                        <span class=\"mkdf-testimonial-star\"><i class=\"fas fa-star\"><\/i><\/span>\n                        <span class=\"mkdf-testimonial-star\"><i class=\"fas fa-star\"><\/i><\/span>\n                        <span class=\"mkdf-testimonial-star\"><i class=\"fas fa-star\"><\/i><\/span>\n                    <\/div>\n                                <div class=\"mkdf-testimonial-text-holder\">\n                                                                <span class=\"mkdf-testimonial-text\">&quot;Le meilleur pain que j&#039;ai go\u00fbt\u00e9, et les cookies sont tout simplement irr\u00e9sistibles !&quot;<\/span>\n                                                                <span class=\"mkdf-testimonial-author\">\n                            <span class=\"mkdf-testimonials-author-name\">Tom<\/span>\n                                                    <\/span>\n                                    <\/div>\n                            <\/div>\n\n    \n            <div class=\"mkdf-testimonial-content mkdf-testimonials-2338\">\n                                    <div class=\"mkdf-testimonial-stars-holder\">\n                        <span class=\"mkdf-testimonial-star\"><i class=\"fas fa-star\"><\/i><\/span>\n                        <span class=\"mkdf-testimonial-star\"><i class=\"fas fa-star\"><\/i><\/span>\n                        <span class=\"mkdf-testimonial-star\"><i class=\"fas fa-star\"><\/i><\/span>\n                        <span class=\"mkdf-testimonial-star\"><i class=\"fas fa-star\"><\/i><\/span>\n                        <span class=\"mkdf-testimonial-star\"><i class=\"fas fa-star\"><\/i><\/span>\n                    <\/div>\n                                <div class=\"mkdf-testimonial-text-holder\">\n                                                                <span class=\"mkdf-testimonial-text\">&quot;Les pains sont toujours frais et les cookies fondent en bouche, un vrai r\u00e9gal !&quot;<\/span>\n                                                                <span class=\"mkdf-testimonial-author\">\n                            <span class=\"mkdf-testimonials-author-name\">Ali<\/span>\n                                                    <\/span>\n                                    <\/div>\n                            <\/div>\n\n    \n            <div class=\"mkdf-testimonial-content mkdf-testimonials-62\">\n                                    <div class=\"mkdf-testimonial-stars-holder\">\n                        <span class=\"mkdf-testimonial-star\"><i class=\"fas fa-star\"><\/i><\/span>\n                        <span class=\"mkdf-testimonial-star\"><i class=\"fas fa-star\"><\/i><\/span>\n                        <span class=\"mkdf-testimonial-star\"><i class=\"fas fa-star\"><\/i><\/span>\n                        <span class=\"mkdf-testimonial-star\"><i class=\"fas fa-star\"><\/i><\/span>\n                        <span class=\"mkdf-testimonial-star\"><i class=\"fas fa-star\"><\/i><\/span>\n                    <\/div>\n                                <div class=\"mkdf-testimonial-text-holder\">\n                                                                <span class=\"mkdf-testimonial-text\">&quot;Un service impeccable et des p\u00e2tisseries d\u00e9licieuses, je recommande vivement !&quot;<\/span>\n                                                                <span class=\"mkdf-testimonial-author\">\n                            <span class=\"mkdf-testimonials-author-name\">Andy<\/span>\n                                                    <\/span>\n                                    <\/div>\n                            <\/div>\n\n    \n    <\/div>\n<\/div><\/div><\/div><\/div><\/div><\/div><\/div><\/div><\/div><\/div><\/div><div class=\"mkdf-row-grid-section-wrapper\"  ><div class=\"mkdf-row-grid-section\"><div class=\"vc_row wpb_row vc_row-fluid\" ><div class=\"wpb_column vc_column_container vc_col-sm-12\"><div class=\"vc_column-inner\"><div class=\"wpb_wrapper\"><div class=\"vc_separator wpb_content_element vc_separator_align_center vc_sep_width_100 vc_sep_pos_align_center vc_separator_no_text vc_sep_color_grey\" ><span class=\"vc_sep_holder vc_sep_holder_l\"><span  class=\"vc_sep_line\"><\/span><\/span><span class=\"vc_sep_holder vc_sep_holder_r\"><span  class=\"vc_sep_line\"><\/span><\/span>\n<\/div><\/div><\/div><\/div><\/div><\/div><\/div><div class=\"mkdf-row-grid-section-wrapper\"  ><div class=\"mkdf-row-grid-section\"><div class=\"vc_row wpb_row vc_row-fluid vc_custom_1560761519053\" ><div class=\"wpb_column vc_column_container vc_col-sm-12 vc_col-md-4\"><div class=\"vc_column-inner\"><div class=\"wpb_wrapper\">\n\t<div class=\"wpb_text_column wpb_content_element\" >\n\t\t<div class=\"wpb_wrapper\">\n\t\t\t<h1 style=\"text-align: center;\">Le plat du jour<\/h1>\n\n\t\t<\/div>\n\t<\/div>\n<div class=\"vc_empty_space  vc_custom_1560254901583\"   style=\"height: 0px\"><span class=\"vc_empty_space_inner\"><\/span><\/div><h2 class=\"mkdf-custom-font-holder  mkdf-cf-6701\" style=\"font-family: cormorant;font-size: 30px;font-weight: 300;font-style: italic;text-transform: initial;text-align: center\" data-item-class=\"mkdf-cf-6701\">\n\tCroissant<\/h2><div class=\"vc_empty_space\"   style=\"height: 20px\"><span class=\"vc_empty_space_inner\"><\/span><\/div>\n\t<div  class=\"wpb_single_image wpb_content_element vc_align_center\">\n\t\t\n\t\t<figure class=\"wpb_wrapper vc_figure\">\n\t\t\t<div class=\"vc_single_image-wrapper   vc_box_border_grey\"><img loading=\"lazy\" decoding=\"async\" width=\"768\" height=\"1024\" src=\"https:\/\/boulangerieazer.com\/wp-content\/uploads\/2024\/09\/photo_2024-09-08_16-06-36.jpg\" class=\"vc_single_image-img attachment-full\" alt=\"\" srcset=\"https:\/\/boulangerieazer.com\/wp-content\/uploads\/2024\/09\/photo_2024-09-08_16-06-36.jpg 768w, https:\/\/boulangerieazer.com\/wp-content\/uploads\/2024\/09\/photo_2024-09-08_16-06-36-225x300.jpg 225w, https:\/\/boulangerieazer.com\/wp-content\/uploads\/2024\/09\/photo_2024-09-08_16-06-36-9x12.jpg 9w, https:\/\/boulangerieazer.com\/wp-content\/uploads\/2024\/09\/photo_2024-09-08_16-06-36-600x800.jpg 600w\" sizes=\"(max-width: 768px) 100vw, 768px\" \/><\/div>\n\t\t<\/figure>\n\t<\/div>\n<\/div><\/div><\/div><div class=\"wpb_column vc_column_container vc_col-sm-12 vc_col-md-8\"><div class=\"vc_column-inner\"><div class=\"wpb_wrapper\"><div class=\"vc_empty_space\"   style=\"height: 13px\"><span class=\"vc_empty_space_inner\"><\/span><\/div>\n\t<div class=\"wpb_text_column wpb_content_element\" >\n\t\t<div class=\"wpb_wrapper\">\n\t\t\t<p>\n<span class=\"mkdf-dropcaps mkdf-normal\" style=\"font-size: 112px;font-weight: 400;line-height: 75px;color: #000\">\n\tB<\/span>e mel dico temporibus, ex mel error utamur nusquam. Usu invenire percipitur cotidieque cu. Vis perfecto moderatius comprehensam et, blandit lucilius duo an, et euismod placerat vis. Eam debitis appareat no, mei justo referrentur an. Noster vivendum persecuti ea ius. Scripta constituam quo et. Prima decore ocurreret mei ex, meis vitae est ad. Pro id quidam aperiam, eu facilisi interpretaris vis, quodsi eleifend qui no. Nec in decore offendit referrentur, ut cum admodum temporibus, ad vim ridens postulant. Probatus mediocrem neglegentur ut ius, ne quo facilisis quaerendum. Eum fierent erroribus theophrastus et.<\/p>\n\n\t\t<\/div>\n\t<\/div>\n<div class=\"vc_empty_space\"   style=\"height: 44px\"><span class=\"vc_empty_space_inner\"><\/span><\/div><div class=\"mkdf-accordion-holder mkdf-ac-default  mkdf-accordion mkdf-ac-boxed  clearfix\">\n\t<h3 class=\"mkdf-accordion-title\">\n    <span class=\"mkdf-accordion-mark\">\n\t\t<span class=\"mkdf_icon_plus icon_plus\"><\/span>\n\t\t<span class=\"mkdf_icon_minus icon_minus-06\"><\/span>\n\t<\/span>\n\t<span class=\"mkdf-tab-title\">Discover a Healthier Slice Of Life<\/span>\n<\/h3>\n<div class=\"mkdf-accordion-content\">\n\t<div class=\"mkdf-accordion-content-inner\">\n\t\t\n\t<div class=\"wpb_text_column wpb_content_element\" >\n\t\t<div class=\"wpb_wrapper\">\n\t\t\t<p>Novum nominavi instructior eos ne, id invidunt mediocrem mei. Cum sint complectitur ad, te vix nibh vocibus consetetur. Has et sale civibus recteque, vitae quaestio te nam. Usu no copiosae apeirian. Zril bonorum euripidis per et. Ridens lobortis pro at.<\/p>\n\n\t\t<\/div>\n\t<\/div>\n\t<\/div>\n<\/div><h3 class=\"mkdf-accordion-title\">\n    <span class=\"mkdf-accordion-mark\">\n\t\t<span class=\"mkdf_icon_plus icon_plus\"><\/span>\n\t\t<span class=\"mkdf_icon_minus icon_minus-06\"><\/span>\n\t<\/span>\n\t<span class=\"mkdf-tab-title\">Quality breads and pastry<\/span>\n<\/h3>\n<div class=\"mkdf-accordion-content\">\n\t<div class=\"mkdf-accordion-content-inner\">\n\t\t\n\t<div class=\"wpb_text_column wpb_content_element\" >\n\t\t<div class=\"wpb_wrapper\">\n\t\t\t<p>Novum nominavi instructior eos ne, id invidunt mediocrem mei. Cum sint complectitur ad, te vix nibh vocibus consetetur. Has et sale civibus recteque, vitae quaestio te nam. Usu no copiosae apeirian. Zril bonorum euripidis per et. Ridens lobortis pro at.<\/p>\n\n\t\t<\/div>\n\t<\/div>\n\t<\/div>\n<\/div><h3 class=\"mkdf-accordion-title\">\n    <span class=\"mkdf-accordion-mark\">\n\t\t<span class=\"mkdf_icon_plus icon_plus\"><\/span>\n\t\t<span class=\"mkdf_icon_minus icon_minus-06\"><\/span>\n\t<\/span>\n\t<span class=\"mkdf-tab-title\">Make your baking better tasting<\/span>\n<\/h3>\n<div class=\"mkdf-accordion-content\">\n\t<div class=\"mkdf-accordion-content-inner\">\n\t\t\n\t<div class=\"wpb_text_column wpb_content_element\" >\n\t\t<div class=\"wpb_wrapper\">\n\t\t\t<p>Novum nominavi instructior eos ne, id invidunt mediocrem mei. Cum sint complectitur ad, te vix nibh vocibus consetetur. Has et sale civibus recteque, vitae quaestio te nam. Usu no copiosae apeirian. Zril bonorum euripidis per et. Ridens lobortis pro at.<\/p>\n\n\t\t<\/div>\n\t<\/div>\n\t<\/div>\n<\/div><\/div><\/div><\/div><\/div><\/div><\/div><\/div>","protected":false},"excerpt":{"rendered":"","protected":false},"author":1,"featured_media":0,"parent":0,"menu_order":0,"comment_status":"closed","ping_status":"closed","template":"full-width.php","meta":{"footnotes":""},"class_list":["post-1239","page","type-page","status-publish","hentry"],"_links":{"self":[{"href":"https:\/\/boulangerieazer.com\/en\/wp-json\/wp\/v2\/pages\/1239"}],"collection":[{"href":"https:\/\/boulangerieazer.com\/en\/wp-json\/wp\/v2\/pages"}],"about":[{"href":"https:\/\/boulangerieazer.com\/en\/wp-json\/wp\/v2\/types\/page"}],"author":[{"embeddable":true,"href":"https:\/\/boulangerieazer.com\/en\/wp-json\/wp\/v2\/users\/1"}],"replies":[{"embeddable":true,"href":"https:\/\/boulangerieazer.com\/en\/wp-json\/wp\/v2\/comments?post=1239"}],"version-history":[{"count":5,"href":"https:\/\/boulangerieazer.com\/en\/wp-json\/wp\/v2\/pages\/1239\/revisions"}],"predecessor-version":[{"id":3859,"href":"https:\/\/boulangerieazer.com\/en\/wp-json\/wp\/v2\/pages\/1239\/revisions\/3859"}],"wp:attachment":[{"href":"https:\/\/boulangerieazer.com\/en\/wp-json\/wp\/v2\/media?parent=1239"}],"curies":[{"name":"wp","href":"https:\/\/api.w.org\/{rel}","templated":true}]}}